{"id":30,"date":"2020-03-02T08:32:09","date_gmt":"2020-03-02T08:32:09","guid":{"rendered":"https:\/\/estudiar.vamtam.com\/?page_id=30"},"modified":"2024-03-21T14:25:12","modified_gmt":"2024-03-21T13:25:12","slug":"blog","status":"publish","type":"page","link":"https:\/\/ptibb.edu.pl\/index.php\/blog\/","title":{"rendered":"Blog"},"content":{"rendered":"\t\t<div data-elementor-type=\"wp-page\" data-elementor-id=\"30\" class=\"elementor elementor-30\" data-elementor-post-type=\"page\">\n\t\t\t\t\t\t<section class=\"elementor-section elementor-top-section elementor-element elementor-element-3b39044 elementor-section-boxed elementor-section-height-default elementor-section-height-default\" data-id=\"3b39044\" data-element_type=\"section\">\n\t\t\t\t\t\t<div class=\"elementor-container elementor-column-gap-no\">\n\t\t\t\t\t<div class=\"elementor-column elementor-col-100 elementor-top-column elementor-element elementor-element-ec72fd5\" data-id=\"ec72fd5\" data-element_type=\"column\">\n\t\t\t<div class=\"elementor-widget-wrap elementor-element-populated\">\n\t\t\t\t\t\t\t<\/div>\n\t\t<\/div>\n\t\t\t\t\t<\/div>\n\t\t<\/section>\n\t\t\t\t<section class=\"elementor-section elementor-top-section elementor-element elementor-element-0f91d90 elementor-section-boxed elementor-section-height-default elementor-section-height-default\" data-id=\"0f91d90\" data-element_type=\"section\">\n\t\t\t\t\t\t<div class=\"elementor-container elementor-column-gap-no\">\n\t\t\t\t\t<div class=\"elementor-column elementor-col-100 elementor-top-column elementor-element elementor-element-579593e\" data-id=\"579593e\" data-element_type=\"column\">\n\t\t\t<div class=\"elementor-widget-wrap elementor-element-populated\">\n\t\t\t\t\t\t<div class=\"elementor-element elementor-element-f7bbc15 animated-fast elementor-grid-3 elementor-grid-tablet-2 elementor-grid-mobile-1 elementor-posts--thumbnail-top elementor-invisible elementor-widget elementor-widget-posts\" data-id=\"f7bbc15\" data-element_type=\"widget\" data-settings=\"{&quot;classic_row_gap&quot;:{&quot;unit&quot;:&quot;px&quot;,&quot;size&quot;:60,&quot;sizes&quot;:[]},&quot;_animation&quot;:&quot;fadeIn&quot;,&quot;classic_row_gap_mobile&quot;:{&quot;unit&quot;:&quot;px&quot;,&quot;size&quot;:50,&quot;sizes&quot;:[]},&quot;classic_columns&quot;:&quot;3&quot;,&quot;classic_columns_tablet&quot;:&quot;2&quot;,&quot;classic_columns_mobile&quot;:&quot;1&quot;,&quot;classic_row_gap_tablet&quot;:{&quot;unit&quot;:&quot;px&quot;,&quot;size&quot;:&quot;&quot;,&quot;sizes&quot;:[]}}\" data-widget_type=\"posts.classic\">\n\t\t\t\t<div class=\"elementor-widget-container\">\n\t\t\t\t\t\t\t<div class=\"elementor-posts-container elementor-posts elementor-posts--skin-classic elementor-grid\">\n\t\t\t\t<article class=\"elementor-post elementor-grid-item post-991229 post type-post status-publish format-standard has-post-thumbnail hentry category-blog\">\n\t\t\t\t<a class=\"elementor-post__thumbnail__link\" href=\"https:\/\/ptibb.edu.pl\/index.php\/2026\/04\/27\/pozegnanie-absolwentow-3\/\" tabindex=\"-1\" >\n\t\t\t<div class=\"elementor-post__thumbnail\"><img fetchpriority=\"high\" decoding=\"async\" width=\"836\" height=\"850\" src=\"https:\/\/ptibb.edu.pl\/wp-content\/uploads\/2026\/04\/zakonczenie5_26.jpg\" class=\"attachment-full size-full wp-image-991230\" alt=\"\" \/><\/div>\n\t\t<\/a>\n\t\t\t\t<div class=\"elementor-post__text\">\n\t\t\t\t<h4 class=\"elementor-post__title\">\n\t\t\t<a href=\"https:\/\/ptibb.edu.pl\/index.php\/2026\/04\/27\/pozegnanie-absolwentow-3\/\" >\n\t\t\t\tPo\u017cegnanie Absolwent\u00f3w\t\t\t<\/a>\n\t\t<\/h4>\n\t\t\t\t<div class=\"elementor-post__meta-data\">\n\t\t\t\t\t<span class=\"elementor-post-date\">\n\t\t\t2026-04-27\t\t<\/span>\n\t\t\t\t<\/div>\n\t\t\t\t<div class=\"elementor-post__excerpt\">\n\t\t\t<p>W pi\u0105tek po\u017cegnali\u015bmy kolejnych Absolwent\u00f3w naszej szko\u0142y. To by\u0142 wyj\u0105tkowy moment pe\u0142en wzrusze\u0144, wspomnie\u0144 i podsumowa\u0144 wsp\u00f3lnie sp\u0119dzonych lat.Dzi\u0119kujemy Wam za wszystkie chwile, kt\u00f3re wsp\u00f3\u0142tworzy\u0142y<\/p>\n\t\t<\/div>\n\t\t\n\t\t<a class=\"elementor-post__read-more\" href=\"https:\/\/ptibb.edu.pl\/index.php\/2026\/04\/27\/pozegnanie-absolwentow-3\/\" aria-label=\"Read more about Po\u017cegnanie Absolwent\u00f3w\" tabindex=\"-1\" >\n\t\t\t\t\t<\/a>\n\n\t\t\t\t<\/div>\n\t\t\t\t<\/article>\n\t\t\t\t<article class=\"elementor-post elementor-grid-item post-991208 post type-post status-publish format-standard has-post-thumbnail hentry category-blog\">\n\t\t\t\t<a class=\"elementor-post__thumbnail__link\" href=\"https:\/\/ptibb.edu.pl\/index.php\/2026\/04\/23\/wielki-turniej-pilki-noznej-2026\/\" tabindex=\"-1\" >\n\t\t\t<div class=\"elementor-post__thumbnail\"><img decoding=\"async\" width=\"836\" height=\"850\" src=\"https:\/\/ptibb.edu.pl\/wp-content\/uploads\/2026\/04\/pti_cup_26.jpg\" class=\"attachment-full size-full wp-image-991209\" alt=\"\" \/><\/div>\n\t\t<\/a>\n\t\t\t\t<div class=\"elementor-post__text\">\n\t\t\t\t<h4 class=\"elementor-post__title\">\n\t\t\t<a href=\"https:\/\/ptibb.edu.pl\/index.php\/2026\/04\/23\/wielki-turniej-pilki-noznej-2026\/\" >\n\t\t\t\tWielki Turniej pi\u0142ki no\u017cnej 2026\t\t\t<\/a>\n\t\t<\/h4>\n\t\t\t\t<div class=\"elementor-post__meta-data\">\n\t\t\t\t\t<span class=\"elementor-post-date\">\n\t\t\t2026-04-23\t\t<\/span>\n\t\t\t\t<\/div>\n\t\t\t\t<div class=\"elementor-post__excerpt\">\n\t\t\t<p>Kolejny turniej pi\u0142ki no\u017cnej w naszej szkole za nami! Emocji nie brakowa\u0142o, a zawodnicy pokazali \u015bwietn\u0105 form\u0119 i sportowego ducha.Gratulujemy zwyci\u0119zcom oraz dzi\u0119kujemy wszystkim dru\u017cynom<\/p>\n\t\t<\/div>\n\t\t\n\t\t<a class=\"elementor-post__read-more\" href=\"https:\/\/ptibb.edu.pl\/index.php\/2026\/04\/23\/wielki-turniej-pilki-noznej-2026\/\" aria-label=\"Read more about Wielki Turniej pi\u0142ki no\u017cnej 2026\" tabindex=\"-1\" >\n\t\t\t\t\t<\/a>\n\n\t\t\t\t<\/div>\n\t\t\t\t<\/article>\n\t\t\t\t<article class=\"elementor-post elementor-grid-item post-991185 post type-post status-publish format-standard has-post-thumbnail hentry category-blog\">\n\t\t\t\t<a class=\"elementor-post__thumbnail__link\" href=\"https:\/\/ptibb.edu.pl\/index.php\/2026\/04\/08\/dzien-otwarty\/\" tabindex=\"-1\" >\n\t\t\t<div class=\"elementor-post__thumbnail\"><img decoding=\"async\" width=\"836\" height=\"850\" src=\"https:\/\/ptibb.edu.pl\/wp-content\/uploads\/2026\/04\/dzien_otwarty2026.jpg\" class=\"attachment-full size-full wp-image-991186\" alt=\"\" \/><\/div>\n\t\t<\/a>\n\t\t\t\t<div class=\"elementor-post__text\">\n\t\t\t\t<h4 class=\"elementor-post__title\">\n\t\t\t<a href=\"https:\/\/ptibb.edu.pl\/index.php\/2026\/04\/08\/dzien-otwarty\/\" >\n\t\t\t\tDZIE\u0143 OTWARTY\t\t\t<\/a>\n\t\t<\/h4>\n\t\t\t\t<div class=\"elementor-post__meta-data\">\n\t\t\t\t\t<span class=\"elementor-post-date\">\n\t\t\t2026-04-08\t\t<\/span>\n\t\t\t\t<\/div>\n\t\t\t\t<div class=\"elementor-post__excerpt\">\n\t\t\t<p>Zapraszamy na&nbsp;Dzie\u0144 Otwarty w Prywatnym Technikum Informatycznym,&nbsp;kt\u00f3ry odb\u0119dzie si\u0119&nbsp;14 kwietnia&nbsp;w godzinach&nbsp;9:00 \u2013 14:00. To wyj\u0105tkowa okazja, aby zwiedzi\u0107 nasz\u0105 szko\u0142\u0119, pozna\u0107 ofert\u0119 edukacyjn\u0105 oraz wzi\u0105\u0107<\/p>\n\t\t<\/div>\n\t\t\n\t\t<a class=\"elementor-post__read-more\" href=\"https:\/\/ptibb.edu.pl\/index.php\/2026\/04\/08\/dzien-otwarty\/\" aria-label=\"Read more about DZIE\u0143 OTWARTY\" tabindex=\"-1\" >\n\t\t\t\t\t<\/a>\n\n\t\t\t\t<\/div>\n\t\t\t\t<\/article>\n\t\t\t\t<article class=\"elementor-post elementor-grid-item post-991182 post type-post status-publish format-standard has-post-thumbnail hentry category-blog\">\n\t\t\t\t<a class=\"elementor-post__thumbnail__link\" href=\"https:\/\/ptibb.edu.pl\/index.php\/2026\/04\/01\/swieta-wielkanocne\/\" tabindex=\"-1\" >\n\t\t\t<div class=\"elementor-post__thumbnail\"><img loading=\"lazy\" decoding=\"async\" width=\"836\" height=\"850\" src=\"https:\/\/ptibb.edu.pl\/wp-content\/uploads\/2026\/04\/swieta_wielkanocne26.jpg\" class=\"attachment-full size-full wp-image-991183\" alt=\"\" \/><\/div>\n\t\t<\/a>\n\t\t\t\t<div class=\"elementor-post__text\">\n\t\t\t\t<h4 class=\"elementor-post__title\">\n\t\t\t<a href=\"https:\/\/ptibb.edu.pl\/index.php\/2026\/04\/01\/swieta-wielkanocne\/\" >\n\t\t\t\t\u015awi\u0119ta Wielkanocne\t\t\t<\/a>\n\t\t<\/h4>\n\t\t\t\t<div class=\"elementor-post__meta-data\">\n\t\t\t\t\t<span class=\"elementor-post-date\">\n\t\t\t2026-04-01\t\t<\/span>\n\t\t\t\t<\/div>\n\t\t\t\t<div class=\"elementor-post__excerpt\">\n\t\t\t\t\t<\/div>\n\t\t\n\t\t<a class=\"elementor-post__read-more\" href=\"https:\/\/ptibb.edu.pl\/index.php\/2026\/04\/01\/swieta-wielkanocne\/\" aria-label=\"Read more about \u015awi\u0119ta Wielkanocne\" tabindex=\"-1\" >\n\t\t\t\t\t<\/a>\n\n\t\t\t\t<\/div>\n\t\t\t\t<\/article>\n\t\t\t\t<article class=\"elementor-post elementor-grid-item post-991142 post type-post status-publish format-standard has-post-thumbnail hentry category-blog\">\n\t\t\t\t<a class=\"elementor-post__thumbnail__link\" href=\"https:\/\/ptibb.edu.pl\/index.php\/2026\/03\/23\/targi-edukacyjne\/\" tabindex=\"-1\" >\n\t\t\t<div class=\"elementor-post__thumbnail\"><img loading=\"lazy\" decoding=\"async\" width=\"836\" height=\"850\" src=\"https:\/\/ptibb.edu.pl\/wp-content\/uploads\/2026\/03\/targiedu2026.jpg\" class=\"attachment-full size-full wp-image-991143\" alt=\"\" \/><\/div>\n\t\t<\/a>\n\t\t\t\t<div class=\"elementor-post__text\">\n\t\t\t\t<h4 class=\"elementor-post__title\">\n\t\t\t<a href=\"https:\/\/ptibb.edu.pl\/index.php\/2026\/03\/23\/targi-edukacyjne\/\" >\n\t\t\t\tTargi edukacyjne\t\t\t<\/a>\n\t\t<\/h4>\n\t\t\t\t<div class=\"elementor-post__meta-data\">\n\t\t\t\t\t<span class=\"elementor-post-date\">\n\t\t\t2026-03-23\t\t<\/span>\n\t\t\t\t<\/div>\n\t\t\t\t<div class=\"elementor-post__excerpt\">\n\t\t\t<p>Za nami targi edukacyjne w Szczyrku, \u017bywcu i Bielsku-Bia\u0142ej w SP37 i na Festiwalu Zawodowca. Dzi\u0119kujemy za mo\u017cliwo\u015b\u0107 zaprezentowania oferty naszego technikum.\u00a0<\/p>\n\t\t<\/div>\n\t\t\n\t\t<a class=\"elementor-post__read-more\" href=\"https:\/\/ptibb.edu.pl\/index.php\/2026\/03\/23\/targi-edukacyjne\/\" aria-label=\"Read more about Targi edukacyjne\" tabindex=\"-1\" >\n\t\t\t\t\t<\/a>\n\n\t\t\t\t<\/div>\n\t\t\t\t<\/article>\n\t\t\t\t<article class=\"elementor-post elementor-grid-item post-991062 post type-post status-publish format-standard has-post-thumbnail hentry category-blog\">\n\t\t\t\t<a class=\"elementor-post__thumbnail__link\" href=\"https:\/\/ptibb.edu.pl\/index.php\/2026\/03\/09\/dzien-kobiet-w-pti\/\" tabindex=\"-1\" >\n\t\t\t<div class=\"elementor-post__thumbnail\"><img loading=\"lazy\" decoding=\"async\" width=\"836\" height=\"850\" src=\"https:\/\/ptibb.edu.pl\/wp-content\/uploads\/2026\/03\/Dzien_kobiet2026.jpg\" class=\"attachment-full size-full wp-image-991063\" alt=\"\" \/><\/div>\n\t\t<\/a>\n\t\t\t\t<div class=\"elementor-post__text\">\n\t\t\t\t<h4 class=\"elementor-post__title\">\n\t\t\t<a href=\"https:\/\/ptibb.edu.pl\/index.php\/2026\/03\/09\/dzien-kobiet-w-pti\/\" >\n\t\t\t\tDzie\u0144 Kobiet w PTI\t\t\t<\/a>\n\t\t<\/h4>\n\t\t\t\t<div class=\"elementor-post__meta-data\">\n\t\t\t\t\t<span class=\"elementor-post-date\">\n\t\t\t2026-03-09\t\t<\/span>\n\t\t\t\t<\/div>\n\t\t\t\t<div class=\"elementor-post__excerpt\">\n\t\t\t<p>Dzie\u0144 Kobiet Z okazji tego wyj\u0105tkowego dnia przesy\u0142amy wszystkim Paniom najserdeczniejsze \u017cyczenia \u2013 wielu powod\u00f3w do u\u015bmiechu, rado\u015bci na co dzie\u0144 oraz spe\u0142nienia najpi\u0119kniejszych marze\u0144.<\/p>\n\t\t<\/div>\n\t\t\n\t\t<a class=\"elementor-post__read-more\" href=\"https:\/\/ptibb.edu.pl\/index.php\/2026\/03\/09\/dzien-kobiet-w-pti\/\" aria-label=\"Read more about Dzie\u0144 Kobiet w PTI\" tabindex=\"-1\" >\n\t\t\t\t\t<\/a>\n\n\t\t\t\t<\/div>\n\t\t\t\t<\/article>\n\t\t\t\t<article class=\"elementor-post elementor-grid-item post-990997 post type-post status-publish format-standard has-post-thumbnail hentry category-blog\">\n\t\t\t\t<a class=\"elementor-post__thumbnail__link\" href=\"https:\/\/ptibb.edu.pl\/index.php\/2026\/02\/10\/studniowka-pti-2026\/\" tabindex=\"-1\" >\n\t\t\t<div class=\"elementor-post__thumbnail\"><img loading=\"lazy\" decoding=\"async\" width=\"836\" height=\"850\" src=\"https:\/\/ptibb.edu.pl\/wp-content\/uploads\/2026\/02\/studniowka2026.jpg\" class=\"attachment-full size-full wp-image-990998\" alt=\"\" \/><\/div>\n\t\t<\/a>\n\t\t\t\t<div class=\"elementor-post__text\">\n\t\t\t\t<h4 class=\"elementor-post__title\">\n\t\t\t<a href=\"https:\/\/ptibb.edu.pl\/index.php\/2026\/02\/10\/studniowka-pti-2026\/\" >\n\t\t\t\tStudni\u00f3wka PTI 2026\t\t\t<\/a>\n\t\t<\/h4>\n\t\t\t\t<div class=\"elementor-post__meta-data\">\n\t\t\t\t\t<span class=\"elementor-post-date\">\n\t\t\t2026-02-10\t\t<\/span>\n\t\t\t\t<\/div>\n\t\t\t\t<div class=\"elementor-post__excerpt\">\n\t\t\t<p>Studni\u00f3wka klas 5A i 5B przesz\u0142a do historii By\u0142o mn\u00f3stwo ta\u0144ca, \u015bmiechu i \u015bwietnej zabawy \u2013 zar\u00f3wno w\u015br\u00f3d uczni\u00f3w, jak i zaproszonych go\u015bci A teraz\u2026<\/p>\n\t\t<\/div>\n\t\t\n\t\t<a class=\"elementor-post__read-more\" href=\"https:\/\/ptibb.edu.pl\/index.php\/2026\/02\/10\/studniowka-pti-2026\/\" aria-label=\"Read more about Studni\u00f3wka PTI 2026\" tabindex=\"-1\" >\n\t\t\t\t\t<\/a>\n\n\t\t\t\t<\/div>\n\t\t\t\t<\/article>\n\t\t\t\t<article class=\"elementor-post elementor-grid-item post-990950 post type-post status-publish format-standard has-post-thumbnail hentry category-blog\">\n\t\t\t\t<a class=\"elementor-post__thumbnail__link\" href=\"https:\/\/ptibb.edu.pl\/index.php\/2026\/01\/15\/zlota-szkola\/\" tabindex=\"-1\" >\n\t\t\t<div class=\"elementor-post__thumbnail\"><img loading=\"lazy\" decoding=\"async\" width=\"1200\" height=\"1200\" src=\"https:\/\/ptibb.edu.pl\/wp-content\/uploads\/2026\/01\/615463978_1832890477653139_7909094427287775180_n.jpg\" class=\"attachment-full size-full wp-image-990951\" alt=\"\" \/><\/div>\n\t\t<\/a>\n\t\t\t\t<div class=\"elementor-post__text\">\n\t\t\t\t<h4 class=\"elementor-post__title\">\n\t\t\t<a href=\"https:\/\/ptibb.edu.pl\/index.php\/2026\/01\/15\/zlota-szkola\/\" >\n\t\t\t\tZ\u0141OTA  SZKO\u0141A\t\t\t<\/a>\n\t\t<\/h4>\n\t\t\t\t<div class=\"elementor-post__meta-data\">\n\t\t\t\t\t<span class=\"elementor-post-date\">\n\t\t\t2026-01-15\t\t<\/span>\n\t\t\t\t<\/div>\n\t\t\t\t<div class=\"elementor-post__excerpt\">\n\t\t\t<p>Nasze technikum zn\u00f3w w czo\u0142\u00f3wce\u00a0\u00a0Kolejny raz otrzymujemy Z\u0142ot\u0105 Tarcz\u0119 Perspektyw, zar\u00f3wno w rankingu maturalnym jak r\u00f3wnie\u017c w rankingu og\u00f3lnym technik\u00f3w\u00a0Brawo Uczniowie\u00a0\u00a0Brawo Nauczyciele\u00a0\u00a0To kolejny sukces i<\/p>\n\t\t<\/div>\n\t\t\n\t\t<a class=\"elementor-post__read-more\" href=\"https:\/\/ptibb.edu.pl\/index.php\/2026\/01\/15\/zlota-szkola\/\" aria-label=\"Read more about Z\u0141OTA  SZKO\u0141A\" tabindex=\"-1\" >\n\t\t\t\t\t<\/a>\n\n\t\t\t\t<\/div>\n\t\t\t\t<\/article>\n\t\t\t\t<article class=\"elementor-post elementor-grid-item post-990896 post type-post status-publish format-standard has-post-thumbnail hentry category-blog\">\n\t\t\t\t<a class=\"elementor-post__thumbnail__link\" href=\"https:\/\/ptibb.edu.pl\/index.php\/2025\/12\/17\/wesolych-swiat-2\/\" tabindex=\"-1\" >\n\t\t\t<div class=\"elementor-post__thumbnail\"><img loading=\"lazy\" decoding=\"async\" width=\"836\" height=\"850\" src=\"https:\/\/ptibb.edu.pl\/wp-content\/uploads\/2025\/12\/wesplych_swiat25.jpg\" class=\"attachment-full size-full wp-image-990897\" alt=\"\" \/><\/div>\n\t\t<\/a>\n\t\t\t\t<div class=\"elementor-post__text\">\n\t\t\t\t<h4 class=\"elementor-post__title\">\n\t\t\t<a href=\"https:\/\/ptibb.edu.pl\/index.php\/2025\/12\/17\/wesolych-swiat-2\/\" >\n\t\t\t\tWeso\u0142ych \u015awi\u0105t\t\t\t<\/a>\n\t\t<\/h4>\n\t\t\t\t<div class=\"elementor-post__meta-data\">\n\t\t\t\t\t<span class=\"elementor-post-date\">\n\t\t\t2025-12-17\t\t<\/span>\n\t\t\t\t<\/div>\n\t\t\t\t<div class=\"elementor-post__excerpt\">\n\t\t\t<p>Wczoraj w naszej szkole panowa\u0142a prawdziwie \u015bwi\u0105teczna atmosfera Odby\u0142y si\u0119 wigilijki klasowe, a tak\u017ce wsp\u00f3lna wigilia szkolna z programem przygotowanym przez samorz\u0105d uczniowski. By\u0142o mn\u00f3stwo<\/p>\n\t\t<\/div>\n\t\t\n\t\t<a class=\"elementor-post__read-more\" href=\"https:\/\/ptibb.edu.pl\/index.php\/2025\/12\/17\/wesolych-swiat-2\/\" aria-label=\"Read more about Weso\u0142ych \u015awi\u0105t\" tabindex=\"-1\" >\n\t\t\t\t\t<\/a>\n\n\t\t\t\t<\/div>\n\t\t\t\t<\/article>\n\t\t\t\t<\/div>\n\t\t\n\t\t\t\t\t\t<\/div>\n\t\t\t\t<\/div>\n\t\t\t\t\t<\/div>\n\t\t<\/div>\n\t\t\t\t\t<\/div>\n\t\t<\/section>\n\t\t\t\t<section class=\"elementor-section elementor-top-section elementor-element elementor-element-6d1b529 elementor-section-boxed elementor-section-height-default elementor-section-height-default\" data-id=\"6d1b529\" data-element_type=\"section\">\n\t\t\t\t\t\t<div class=\"elementor-container elementor-column-gap-default\">\n\t\t\t\t\t<div class=\"elementor-column elementor-col-100 elementor-top-column elementor-element elementor-element-d80c98c\" data-id=\"d80c98c\" data-element_type=\"column\">\n\t\t\t<div class=\"elementor-widget-wrap elementor-element-populated\">\n\t\t\t\t\t\t<div class=\"elementor-element elementor-element-37d8390 elementor-widget__width-auto animated-fast elementor-invisible elementor-widget elementor-widget-heading\" data-id=\"37d8390\" data-element_type=\"widget\" data-settings=\"{&quot;_animation&quot;:&quot;fadeIn&quot;,&quot;_animation_tablet&quot;:&quot;none&quot;,&quot;_animation_mobile&quot;:&quot;none&quot;,&quot;_animation_delay&quot;:200}\" data-widget_type=\"heading.default\">\n\t\t\t\t<div class=\"elementor-widget-container\">\n\t\t\t\t\t<h1 class=\"elementor-heading-title elementor-size-default\">BLOG<\/h1>\t\t\t\t<\/div>\n\t\t\t\t<\/div>\n\t\t\t\t\t<\/div>\n\t\t<\/div>\n\t\t\t\t\t<\/div>\n\t\t<\/section>\n\t\t\t\t<section class=\"elementor-section elementor-top-section elementor-element elementor-element-be59494 elementor-section-boxed elementor-section-height-default elementor-section-height-default\" data-id=\"be59494\" data-element_type=\"section\" data-settings=\"{&quot;background_background&quot;:&quot;classic&quot;}\">\n\t\t\t\t\t\t<div class=\"elementor-container elementor-column-gap-default\">\n\t\t\t\t\t<div class=\"elementor-column elementor-col-100 elementor-top-column elementor-element elementor-element-0d83070\" data-id=\"0d83070\" data-element_type=\"column\">\n\t\t\t<div class=\"elementor-widget-wrap elementor-element-populated\">\n\t\t\t\t\t\t<div class=\"elementor-element elementor-element-af8a463 elementor-widget elementor-widget-heading\" data-id=\"af8a463\" data-element_type=\"widget\" data-widget_type=\"heading.default\">\n\t\t\t\t<div class=\"elementor-widget-container\">\n\t\t\t\t\t<h5 class=\"elementor-heading-title elementor-size-default\">Hakuj przysz\u0142o\u015b\u0107 Z PTI<\/h5>\t\t\t\t<\/div>\n\t\t\t\t<\/div>\n\t\t\t\t<div class=\"elementor-element elementor-element-196f317 elementor-align-center elementor-mobile-align-left elementor-widget elementor-widget-button\" data-id=\"196f317\" data-element_type=\"widget\" data-widget_type=\"button.default\">\n\t\t\t\t<div class=\"elementor-widget-container\">\n\t\t\t\t\t\t\t\t\t<div class=\"elementor-button-wrapper\">\n\t\t\t\t\t<a class=\"elementor-button elementor-button-link elementor-size-sm\" href=\"http:\/\/Facebook\">\n\t\t\t\t\t\t<span class=\"elementor-button-content-wrapper\">\n\t\t\t\t\t\t<span class=\"elementor-button-icon\">\n\t\t\t\t<i aria-hidden=\"true\" class=\"vamtamtheme- vamtam-theme-arrow-right\"><\/i>\t\t\t<\/span>\n\t\t\t\t\t\t\t\t\t<span class=\"elementor-button-text\">Application Form<\/span>\n\t\t\t\t\t<\/span>\n\t\t\t\t\t<\/a>\n\t\t\t\t<\/div>\n\t\t\t\t\t\t\t\t<\/div>\n\t\t\t\t<\/div>\n\t\t\t\t\t<\/div>\n\t\t<\/div>\n\t\t\t\t\t<\/div>\n\t\t<\/section>\n\t\t\t\t<\/div>\n\t\t","protected":false},"excerpt":{"rendered":"<p>BLOG Hakuj przysz\u0142o\u015b\u0107 Z PTI Application Form<\/p>\n","protected":false},"author":1,"featured_media":0,"parent":0,"menu_order":0,"comment_status":"closed","ping_status":"closed","template":"","meta":{"footnotes":""},"class_list":["post-30","page","type-page","status-publish","hentry"],"_links":{"self":[{"href":"https:\/\/ptibb.edu.pl\/index.php\/wp-json\/wp\/v2\/pages\/30","targetHints":{"allow":["GET"]}}],"collection":[{"href":"https:\/\/ptibb.edu.pl\/index.php\/wp-json\/wp\/v2\/pages"}],"about":[{"href":"https:\/\/ptibb.edu.pl\/index.php\/wp-json\/wp\/v2\/types\/page"}],"author":[{"embeddable":true,"href":"https:\/\/ptibb.edu.pl\/index.php\/wp-json\/wp\/v2\/users\/1"}],"replies":[{"embeddable":true,"href":"https:\/\/ptibb.edu.pl\/index.php\/wp-json\/wp\/v2\/comments?post=30"}],"version-history":[{"count":0,"href":"https:\/\/ptibb.edu.pl\/index.php\/wp-json\/wp\/v2\/pages\/30\/revisions"}],"wp:attachment":[{"href":"https:\/\/ptibb.edu.pl\/index.php\/wp-json\/wp\/v2\/media?parent=30"}],"curies":[{"name":"wp","href":"https:\/\/api.w.org\/{rel}","templated":true}]}}